{"id":99,"date":"2025-10-06T10:25:10","date_gmt":"2025-10-06T07:25:10","guid":{"rendered":"https:\/\/www.fanikk.fi\/?page_id=99"},"modified":"2025-10-06T10:25:11","modified_gmt":"2025-10-06T07:25:11","slug":"lions-club-rauma-fanikk-ja-pikku-jumbo","status":"publish","type":"page","link":"https:\/\/www.fanikk.fi\/en\/lions-club-rauma-fanikk-ja-pikku-jumbo\/","title":{"rendered":"Lions Club Rauma\/F\u00e4nikk ja Pikku-Jumbo"},"content":{"rendered":"\n<p class=\"wp-block-paragraph\">Rauman sataman ja rautatien historiasta muistuttaa rakas paikallisaarre, Pikku-Jumbo -museoveturi. T\u00e4m\u00e4 vuonna 1937 valmistunut h\u00f6yryveturi palveli aikoinaan Valtionrautateill\u00e4 erityisesti satamaliikenteess\u00e4 ja vaihtot\u00f6iss\u00e4. Se on saanut lempinimens\u00e4 jyhke\u00e4st\u00e4 olemuksestaan, vaikka kokonsa puolesta se kuuluukin vetureiden pienemp\u00e4\u00e4n sarjaan.<\/p>\n\n\n\n<p class=\"wp-block-paragraph\">Kun Pikku-Jumbo siirrettiin el\u00e4kkeelle, se haluttiin s\u00e4ilytt\u00e4\u00e4 raumalaisten iloksi ja muistuttamaan menneist\u00e4 ajoista, jolloin h\u00f6yryveturit olivat t\u00e4rke\u00e4 osa kaupungin elinkeinoel\u00e4m\u00e4\u00e4.<\/p>\n\n\n\n<p class=\"wp-block-paragraph\">Lions Club Rauma\/F\u00e4nikk on ottanut teht\u00e4v\u00e4kseen huolehtia t\u00e4st\u00e4 arvokkaasta muistomerkist\u00e4. Klubin j\u00e4senet pit\u00e4v\u00e4t veturista huolta talkoovoimin: he huoltavat, kunnostavat ja siistiv\u00e4t Pikku-Jumboa s\u00e4\u00e4nn\u00f6llisesti, jotta se s\u00e4ilyy arvokkaana osana kaupunkikuvaa ja historian el\u00e4v\u00e4n\u00e4 muistona.<\/p>\n\n\n\n<p class=\"wp-block-paragraph\">Pikku-Jumbo seisoo t\u00e4n\u00e4kin p\u00e4iv\u00e4n\u00e4 Raumalla ylpe\u00e4n\u00e4 paikallisen teollisuuden ja liikennehistorian symbolina \u2013 ja Lions Club Rauma\/F\u00e4nikin ansiosta se saa jatkaa tarinaansa my\u00f6s tulevien sukupolvien n\u00e4ht\u00e4v\u00e4n\u00e4.<\/p>\n","protected":false},"excerpt":{"rendered":"<p>Rauman sataman ja rautatien historiasta muistuttaa rakas paikallisaarre, Pikku-Jumbo -museoveturi. T\u00e4m\u00e4 vuonna 1937 valmistunut h\u00f6yryveturi palveli aikoinaan Valtionrautateill\u00e4 erityisesti satamaliikenteess\u00e4 ja vaihtot\u00f6iss\u00e4. Se on saanut lempinimens\u00e4 jyhke\u00e4st\u00e4 olemuksestaan, vaikka kokonsa puolesta se kuuluukin vetureiden pienemp\u00e4\u00e4n sarjaan. Kun Pikku-Jumbo siirrettiin el\u00e4kkeelle, se haluttiin s\u00e4ilytt\u00e4\u00e4 raumalaisten iloksi ja muistuttamaan menneist\u00e4 ajoista, jolloin h\u00f6yryveturit olivat t\u00e4rke\u00e4 osa kaupungin &hellip; <a href=\"https:\/\/www.fanikk.fi\/en\/lions-club-rauma-fanikk-ja-pikku-jumbo\/\" class=\"more-link\">Continue reading <span class=\"screen-reader-text\">Lions Club Rauma\/F\u00e4nikk ja Pikku-Jumbo<\/span> <span class=\"meta-nav\">&rarr;<\/span><\/a><\/p>\n","protected":false},"author":1,"featured_media":0,"parent":0,"menu_order":0,"comment_status":"closed","ping_status":"closed","template":"","meta":{"_crdt_document":"","footnotes":""},"class_list":["post-99","page","type-page","status-publish","hentry"],"translation":{"provider":"WPGlobus","version":"3.0.2","language":"en","enabled_languages":["fi","en"],"languages":{"fi":{"title":true,"content":true,"excerpt":false},"en":{"title":false,"content":false,"excerpt":false}}},"_links":{"self":[{"href":"https:\/\/www.fanikk.fi\/en\/wp-json\/wp\/v2\/pages\/99","targetHints":{"allow":["GET"]}}],"collection":[{"href":"https:\/\/www.fanikk.fi\/en\/wp-json\/wp\/v2\/pages"}],"about":[{"href":"https:\/\/www.fanikk.fi\/en\/wp-json\/wp\/v2\/types\/page"}],"author":[{"embeddable":true,"href":"https:\/\/www.fanikk.fi\/en\/wp-json\/wp\/v2\/users\/1"}],"replies":[{"embeddable":true,"href":"https:\/\/www.fanikk.fi\/en\/wp-json\/wp\/v2\/comments?post=99"}],"version-history":[{"count":1,"href":"https:\/\/www.fanikk.fi\/en\/wp-json\/wp\/v2\/pages\/99\/revisions"}],"predecessor-version":[{"id":101,"href":"https:\/\/www.fanikk.fi\/en\/wp-json\/wp\/v2\/pages\/99\/revisions\/101"}],"wp:attachment":[{"href":"https:\/\/www.fanikk.fi\/en\/wp-json\/wp\/v2\/media?parent=99"}],"curies":[{"name":"wp","href":"https:\/\/api.w.org\/{rel}","templated":true}]}}