{"id":102,"date":"2025-10-06T10:26:06","date_gmt":"2025-10-06T07:26:06","guid":{"rendered":"https:\/\/www.fanikk.fi\/?page_id=102"},"modified":"2025-10-06T10:26:07","modified_gmt":"2025-10-06T07:26:07","slug":"fanikktrahtoor-perhekahvila-kaikenikaisille","status":"publish","type":"page","link":"https:\/\/www.fanikk.fi\/en\/fanikktrahtoor-perhekahvila-kaikenikaisille\/","title":{"rendered":"F\u00e4nikktraht\u00f6\u00f6r \u2013 perhekahvila kaikenik\u00e4isille"},"content":{"rendered":"\n<p class=\"wp-block-paragraph\">Lions Club Rauma\/F\u00e4nikk j\u00e4rjest\u00e4\u00e4 F\u00e4nikktraht\u00f6\u00f6r -perhekahvilaa, joka tarjoaa lapsille, vanhemmille ja isovanhemmille mukavan kohtaamispaikan keskell\u00e4 arkea. Nimens\u00e4 tapahtuma on saanut raumalaisesta murresanasta traht\u00f6\u00f6r, joka tarkoittaa kestikievaria \u2013 ja juuri sit\u00e4 F\u00e4nikktraht\u00f6\u00f6r on nykyp\u00e4iv\u00e4n hengess\u00e4: l\u00e4mminhenkinen paikka, jossa viihdyt\u00e4\u00e4n yhdess\u00e4.<\/p>\n\n\n\n<p class=\"wp-block-paragraph\">Perhekahvilassa voi viett\u00e4\u00e4 aikaa rennosti, tavata tuttuja ja tutustua uusiin ihmisiin. Lapsille on tarjolla puuhaa ja leikki\u00e4, aikuisille kahvia, juttuseuraa ja yhteis\u00f6llisyytt\u00e4.<\/p>\n\n\n\n<p class=\"wp-block-paragraph\">F\u00e4nikktraht\u00f6\u00f6r on samalla osa Lions-toimintaa Raumalla: sen kautta halutaan tukea perheit\u00e4, vahvistaa yhteis\u00f6llisyytt\u00e4 ja tarjota matalan kynnyksen kohtaamisia kaikenik\u00e4isille. Tapahtuma on avoin kaikille, ja sen syd\u00e4mess\u00e4 on yhdess\u00e4olo, ilo ja v\u00e4litt\u00e4minen.<\/p>\n\n\n\n<p class=\"wp-block-paragraph\"><\/p>\n","protected":false},"excerpt":{"rendered":"<p>Lions Club Rauma\/F\u00e4nikk j\u00e4rjest\u00e4\u00e4 F\u00e4nikktraht\u00f6\u00f6r -perhekahvilaa, joka tarjoaa lapsille, vanhemmille ja isovanhemmille mukavan kohtaamispaikan keskell\u00e4 arkea. Nimens\u00e4 tapahtuma on saanut raumalaisesta murresanasta traht\u00f6\u00f6r, joka tarkoittaa kestikievaria \u2013 ja juuri sit\u00e4 F\u00e4nikktraht\u00f6\u00f6r on nykyp\u00e4iv\u00e4n hengess\u00e4: l\u00e4mminhenkinen paikka, jossa viihdyt\u00e4\u00e4n yhdess\u00e4. Perhekahvilassa voi viett\u00e4\u00e4 aikaa rennosti, tavata tuttuja ja tutustua uusiin ihmisiin. Lapsille on tarjolla puuhaa ja &hellip; <a href=\"https:\/\/www.fanikk.fi\/en\/fanikktrahtoor-perhekahvila-kaikenikaisille\/\" class=\"more-link\">Continue reading <span class=\"screen-reader-text\">F\u00e4nikktraht\u00f6\u00f6r \u2013 perhekahvila kaikenik\u00e4isille<\/span> <span class=\"meta-nav\">&rarr;<\/span><\/a><\/p>\n","protected":false},"author":1,"featured_media":0,"parent":0,"menu_order":0,"comment_status":"closed","ping_status":"closed","template":"","meta":{"_crdt_document":"","footnotes":""},"class_list":["post-102","page","type-page","status-publish","hentry"],"translation":{"provider":"WPGlobus","version":"3.0.2","language":"en","enabled_languages":["fi","en"],"languages":{"fi":{"title":true,"content":true,"excerpt":false},"en":{"title":false,"content":false,"excerpt":false}}},"_links":{"self":[{"href":"https:\/\/www.fanikk.fi\/en\/wp-json\/wp\/v2\/pages\/102","targetHints":{"allow":["GET"]}}],"collection":[{"href":"https:\/\/www.fanikk.fi\/en\/wp-json\/wp\/v2\/pages"}],"about":[{"href":"https:\/\/www.fanikk.fi\/en\/wp-json\/wp\/v2\/types\/page"}],"author":[{"embeddable":true,"href":"https:\/\/www.fanikk.fi\/en\/wp-json\/wp\/v2\/users\/1"}],"replies":[{"embeddable":true,"href":"https:\/\/www.fanikk.fi\/en\/wp-json\/wp\/v2\/comments?post=102"}],"version-history":[{"count":1,"href":"https:\/\/www.fanikk.fi\/en\/wp-json\/wp\/v2\/pages\/102\/revisions"}],"predecessor-version":[{"id":104,"href":"https:\/\/www.fanikk.fi\/en\/wp-json\/wp\/v2\/pages\/102\/revisions\/104"}],"wp:attachment":[{"href":"https:\/\/www.fanikk.fi\/en\/wp-json\/wp\/v2\/media?parent=102"}],"curies":[{"name":"wp","href":"https:\/\/api.w.org\/{rel}","templated":true}]}}